{"id":7,"date":"2024-05-02T11:17:54","date_gmt":"2024-05-02T09:17:54","guid":{"rendered":"https:\/\/saint-hilaire-gestion.com\/?page_id=7"},"modified":"2025-01-16T16:05:39","modified_gmt":"2025-01-16T15:05:39","slug":"saint-hilaire-gestion","status":"publish","type":"page","link":"https:\/\/saint-hilaire-gestion.com\/","title":{"rendered":"Saint-Hilaire Gestion"},"content":{"rendered":"\n<div class=\"wp-block-columns alignwide is-layout-flex wp-container-core-columns-is-layout-28f84493 wp-block-columns-is-layout-flex\">\n<div class=\"wp-block-column is-layout-flow wp-block-column-is-layout-flow\" style=\"flex-basis:100%\">\n<figure class=\"wp-block-pullquote alignwide has-text-align-center has-base-2-background-color has-background has-medium-font-size\" style=\"margin-top:0;margin-bottom:0;padding-top:0;padding-bottom:0\"><blockquote><p>Le cabinet Saint-Hilaire-Gestion est sp\u00e9cialis\u00e9 dans les activit\u00e9s de Syndic et de Gestion Locative. Id\u00e9alement situ\u00e9 dans le 6\u00e8me arrondissement, Saint Hilaire Gestion prend en charge des biens dans toute l&rsquo;Ile de France. Nous fournissons tous les services li\u00e9s \u00e0 la la gestion des copropri\u00e9t\u00e9s( gestion des travaux, assembl\u00e9es g\u00e9n\u00e9rales, comptabilit\u00e9, etc.)  et \u00e0 la gestion des biens locatifs (recherche de locataires, collecte de loyers, maintenance, valorisation du patrimoine, etc.). <br>Nous partageons avec nos propri\u00e9taires une vision long terme nourrie de confiance et d&rsquo;expertise.<br><\/p><\/blockquote><\/figure>\n<\/div>\n<\/div>\n\n\n\n<div class=\"wp-block-cover alignfull is-light\"><span aria-hidden=\"true\" class=\"wp-block-cover__background has-background-dim-10 has-background-dim\" style=\"background-color:#9fa5a1\"><\/span><img loading=\"lazy\" decoding=\"async\" width=\"1685\" height=\"1123\" class=\"wp-block-cover__image-background wp-image-22\" alt=\"\" src=\"https:\/\/saint-hilaire-gestion.com\/wp-content\/uploads\/2024\/05\/Paris.webp\" style=\"object-position:51% 35%\" data-object-fit=\"cover\" data-object-position=\"51% 35%\" srcset=\"https:\/\/saint-hilaire-gestion.com\/wp-content\/uploads\/2024\/05\/Paris.webp 1685w, https:\/\/saint-hilaire-gestion.com\/wp-content\/uploads\/2024\/05\/Paris-300x200.webp 300w, https:\/\/saint-hilaire-gestion.com\/wp-content\/uploads\/2024\/05\/Paris-1024x682.webp 1024w, https:\/\/saint-hilaire-gestion.com\/wp-content\/uploads\/2024\/05\/Paris-768x512.webp 768w, https:\/\/saint-hilaire-gestion.com\/wp-content\/uploads\/2024\/05\/Paris-1536x1024.webp 1536w\" sizes=\"auto, (max-width: 1685px) 100vw, 1685px\" \/><div class=\"wp-block-cover__inner-container is-layout-flow wp-block-cover-is-layout-flow\">\n<p class=\"has-text-align-center has-contrast-color has-text-color has-large-font-size\"><\/p>\n<\/div><\/div>\n\n\n\n<div class=\"wp-block-group alignfull has-base-2-background-color has-background has-global-padding is-layout-constrained wp-container-core-group-is-layout-669513ed wp-block-group-is-layout-constrained\" style=\"margin-top:0;margin-bottom:0;padding-top:var(--wp--preset--spacing--50);padding-right:var(--wp--preset--spacing--50);padding-bottom:var(--wp--preset--spacing--50);padding-left:var(--wp--preset--spacing--50)\">\n<h2 class=\"wp-block-heading has-text-align-center has-contrast-color has-text-color has-link-color wp-elements-8d6f4660cd0d211d5869c42cfa4d9b3d\">Prestations de service<\/h2>\n\n\n\n<div class=\"wp-block-columns alignwide is-layout-flex wp-container-core-columns-is-layout-1da03c2a wp-block-columns-is-layout-flex\">\n<div class=\"wp-block-column is-layout-flow wp-block-column-is-layout-flow\">\n<h3 class=\"wp-block-heading has-text-align-center\">Syndic<\/h3>\n\n\n\n<p>Chez Saint Hilaire Gestion, nous comprenons les d\u00e9fis et les responsabilit\u00e9s qui accompagnent la gestion d&rsquo;une copropri\u00e9t\u00e9. C&rsquo;est pourquoi nous nous engageons \u00e0 fournir des services de syndic de copropri\u00e9t\u00e9 professionnels et fiables pour r\u00e9pondre aux besoins uniques de chaque immeuble.<\/p>\n\n\n\n<p>Notre \u00e9quipe d\u00e9di\u00e9e est l\u00e0 pour prendre en charge toutes les aspects de la gestion syndicale, de la gestion administrative et financi\u00e8re \u00e0 la maintenance r\u00e9guli\u00e8re des parties communes. Nous veillons \u00e0 ce que votre copropri\u00e9t\u00e9 fonctionne de mani\u00e8re efficace et harmonieuse, en assurant la transparence et la communication ouverte avec les copropri\u00e9taires.<\/p>\n\n\n\n<p>Avec notre approche proactive, nous anticipons les besoins de votre immeuble et travaillons en \u00e9troite collaboration avec les copropri\u00e9taires pour garantir que leurs pr\u00e9occupations sont prises en compte.<\/p>\n\n\n\n<p>Nous nous engageons \u00e0 maintenir la valeur de votre patrimoine et \u00e0 cr\u00e9er un environnement de vie agr\u00e9able pour tous les r\u00e9sidents.<\/p>\n<\/div>\n\n\n\n<div class=\"wp-block-column is-layout-flow wp-block-column-is-layout-flow\">\n<h3 class=\"wp-block-heading has-text-align-center has-contrast-color has-text-color has-link-color wp-elements-bef75f607fa9903566632b954528b076\">Gestion locative<\/h3>\n\n\n\n<p>Nous comprenons que la gestion locative peut \u00eatre complexe et chronophage. C&rsquo;est pourquoi nous nous engageons \u00e0 simplifier ce processus pour vous, propri\u00e9taires et investisseurs immobiliers.<\/p>\n\n\n\n<p>Notre \u00e9quipe exp\u00e9riment\u00e9e prend en charge tous les aspects de la gestion locative, de la recherche de locataires fiables \u00e0 l&rsquo;entretien r\u00e9gulier des propri\u00e9t\u00e9s. Nous veillons \u00e0 ce que vos biens immobiliers soient entretenus avec soin et \u00e0 ce que vos revenus locatifs soient optimis\u00e9s.<\/p>\n\n\n\n<p>Avec notre approche personnalis\u00e9e, vous pouvez \u00eatre sereins en sachant que votre investissement est entre de bonnes mains. Nous sommes l\u00e0 pour g\u00e9rer les d\u00e9fis du quotidien, des r\u00e9parations mineures aux situations plus complexes, afin que vous puissiez vous concentrer sur vos objectifs financiers \u00e0 long terme.<\/p>\n<\/div>\n<\/div>\n<\/div>\n\n\n\n<div class=\"wp-block-group alignfull has-base-2-background-color has-background has-global-padding is-layout-constrained wp-container-core-group-is-layout-d89aad35 wp-block-group-is-layout-constrained\" style=\"margin-top:0;margin-bottom:0;padding-top:var(--wp--preset--spacing--50);padding-right:var(--wp--preset--spacing--50);padding-bottom:var(--wp--preset--spacing--50);padding-left:var(--wp--preset--spacing--50)\">\n<h3 class=\"wp-block-heading alignwide has-text-align-center has-base-2-background-color has-background\">\u201cTr\u00e8s satisfait de cette agence qui fait preuve d\u2019un incroyable professionnalisme!\u201d<\/h3>\n\n\n\n<p class=\"has-text-align-center\">A. Ferreri.<\/p>\n\n\n\n<div class=\"wp-block-cover alignfull is-light\"><span aria-hidden=\"true\" class=\"wp-block-cover__background has-background-dim-0 has-background-dim\"><\/span><img loading=\"lazy\" decoding=\"async\" width=\"1024\" height=\"713\" class=\"wp-block-cover__image-background wp-image-19\" alt=\"\" src=\"https:\/\/saint-hilaire-gestion.com\/wp-content\/uploads\/2024\/04\/vue-2-003-1-1024x713.jpg\" data-object-fit=\"cover\" srcset=\"https:\/\/saint-hilaire-gestion.com\/wp-content\/uploads\/2024\/04\/vue-2-003-1-1024x713.jpg 1024w, https:\/\/saint-hilaire-gestion.com\/wp-content\/uploads\/2024\/04\/vue-2-003-1-300x209.jpg 300w, https:\/\/saint-hilaire-gestion.com\/wp-content\/uploads\/2024\/04\/vue-2-003-1-768x535.jpg 768w, https:\/\/saint-hilaire-gestion.com\/wp-content\/uploads\/2024\/04\/vue-2-003-1-1536x1069.jpg 1536w, https:\/\/saint-hilaire-gestion.com\/wp-content\/uploads\/2024\/04\/vue-2-003-1-2048x1426.jpg 2048w\" sizes=\"auto, (max-width: 1024px) 100vw, 1024px\" \/><div class=\"wp-block-cover__inner-container is-layout-flow wp-block-cover-is-layout-flow\">\n<p class=\"has-text-align-center has-large-font-size\"><\/p>\n<\/div><\/div>\n<\/div>\n\n\n\n<div class=\"wp-block-group alignfull has-background has-global-padding is-layout-constrained wp-container-core-group-is-layout-d89aad35 wp-block-group-is-layout-constrained\" style=\"background:linear-gradient(135deg,rgb(246,246,246) 0%,rgb(217,225,231) 100%);margin-top:0;margin-bottom:0;padding-top:var(--wp--preset--spacing--50);padding-right:var(--wp--preset--spacing--50);padding-bottom:var(--wp--preset--spacing--50);padding-left:var(--wp--preset--spacing--50)\">\n<div class=\"wp-block-group is-vertical is-content-justification-left is-layout-flex wp-container-core-group-is-layout-dd225191 wp-block-group-is-layout-flex\">\n<h4 class=\"wp-block-heading\"><em>VOUS SOUHAITEZ NOUS CONTACTER : <\/em><\/h4>\n\n\n\n<p><em>T\u00e9l\u00e9phone<\/em> : 01.42.38.70.28<\/p>\n\n\n\n<p><em>Mail<\/em> : contact@saint-hilaire-gestion.com<\/p>\n\n\n\n<p><\/p>\n\n\n\n<figure class=\"wp-block-image size-full is-resized\"><img loading=\"lazy\" decoding=\"async\" width=\"448\" height=\"401\" src=\"https:\/\/saint-hilaire-gestion.com\/wp-content\/uploads\/2024\/04\/Capture-decran-2024-04-29-17.02.25.png\" alt=\"\" class=\"wp-image-17\" style=\"width:417px;height:auto\" srcset=\"https:\/\/saint-hilaire-gestion.com\/wp-content\/uploads\/2024\/04\/Capture-decran-2024-04-29-17.02.25.png 448w, https:\/\/saint-hilaire-gestion.com\/wp-content\/uploads\/2024\/04\/Capture-decran-2024-04-29-17.02.25-300x269.png 300w\" sizes=\"auto, (max-width: 448px) 100vw, 448px\" \/><\/figure>\n<\/div>\n<\/div>\n","protected":false},"excerpt":{"rendered":"<p>Le cabinet Saint-Hilaire-Gestion est sp\u00e9cialis\u00e9 dans les activit\u00e9s de Syndic et de Gestion Locative. Id\u00e9alement situ\u00e9 dans le 6\u00e8me arrondissement, Saint Hilaire Gestion prend en charge des biens dans toute l&rsquo;Ile de France. Nous fournissons tous les services li\u00e9s \u00e0 la la gestion des copropri\u00e9t\u00e9s( gestion des travaux, assembl\u00e9es g\u00e9n\u00e9rales, comptabilit\u00e9, etc.) et \u00e0 la [&hellip;]<\/p>\n","protected":false},"author":1,"featured_media":0,"parent":0,"menu_order":0,"comment_status":"closed","ping_status":"closed","template":"","meta":{"footnotes":""},"class_list":["post-7","page","type-page","status-publish","hentry"],"_links":{"self":[{"href":"https:\/\/saint-hilaire-gestion.com\/index.php?rest_route=\/wp\/v2\/pages\/7","targetHints":{"allow":["GET"]}}],"collection":[{"href":"https:\/\/saint-hilaire-gestion.com\/index.php?rest_route=\/wp\/v2\/pages"}],"about":[{"href":"https:\/\/saint-hilaire-gestion.com\/index.php?rest_route=\/wp\/v2\/types\/page"}],"author":[{"embeddable":true,"href":"https:\/\/saint-hilaire-gestion.com\/index.php?rest_route=\/wp\/v2\/users\/1"}],"replies":[{"embeddable":true,"href":"https:\/\/saint-hilaire-gestion.com\/index.php?rest_route=%2Fwp%2Fv2%2Fcomments&post=7"}],"version-history":[{"count":15,"href":"https:\/\/saint-hilaire-gestion.com\/index.php?rest_route=\/wp\/v2\/pages\/7\/revisions"}],"predecessor-version":[{"id":44,"href":"https:\/\/saint-hilaire-gestion.com\/index.php?rest_route=\/wp\/v2\/pages\/7\/revisions\/44"}],"wp:attachment":[{"href":"https:\/\/saint-hilaire-gestion.com\/index.php?rest_route=%2Fwp%2Fv2%2Fmedia&parent=7"}],"curies":[{"name":"wp","href":"https:\/\/api.w.org\/{rel}","templated":true}]}}